{"id":11727,"date":"2024-02-15T15:03:07","date_gmt":"2024-02-15T14:03:07","guid":{"rendered":"https:\/\/www.tratamientodelasadicciones.org\/coneix-nos\/valors-i-diferencies\/"},"modified":"2025-03-13T19:21:40","modified_gmt":"2025-03-13T18:21:40","slug":"valors-i-diferencies","status":"publish","type":"page","link":"https:\/\/www.tratamientodelasadicciones.org\/ca\/coneix-nos\/valors-i-diferencies\/","title":{"rendered":"Valors i difer\u00e8ncies"},"content":{"rendered":"\t\t<div data-elementor-type=\"wp-page\" data-elementor-id=\"11727\" class=\"elementor elementor-11727 elementor-10493\">\n\t\t\t\t\t\t<section class=\"elementor-section elementor-top-section elementor-element elementor-element-72b3dcc2 elementor-section-boxed elementor-section-height-default elementor-section-height-default\" data-id=\"72b3dcc2\" data-element_type=\"section\">\n\t\t\t\t\t\t<div class=\"elementor-container elementor-column-gap-no\">\n\t\t\t\t\t<div class=\"lqd-css-sticky-column elementor-column elementor-col-50 elementor-top-column elementor-element elementor-element-32a1759\" style=\"--lqd-sticky-offset:30px\" data-id=\"32a1759\" data-element_type=\"column\">\n\t\t\t<div class=\"elementor-widget-wrap elementor-element-populated\">\n\t\t\t\t\t\t<div class=\"elementor-element elementor-element-34549d95 elementor-widget__width-initial elementor-widget elementor-widget-ld_fancy_image\" data-id=\"34549d95\" data-element_type=\"widget\" data-widget_type=\"ld_fancy_image.default\">\n\t\t\t\t<div class=\"elementor-widget-container\">\n\t\t\t\t\t\n\t\t<div class=\"lqd-imggrp-single d-block pos-rel \" data-shadow-style=\"4\">\n\t\t\t<div class=\"lqd-imggrp-img-container d-inline-flex pos-rel align-items-center justify-content-center \">\n\t\t\t\t\t\t\t\t<figure class=\"w-100 pos-rel\">\n\t\t\t\t\t<img alt=\"\" fetchpriority=\"high\" decoding=\"async\" width=\"899\" height=\"1348\" src=\"https:\/\/www.tratamientodelasadicciones.org\/wp-content\/uploads\/2025\/02\/sala-espera-sap.jpg\" class=\"attachment-full size-full wp-image-11257\" alt=\"\" srcset=\"https:\/\/www.tratamientodelasadicciones.org\/wp-content\/uploads\/2025\/02\/sala-espera-sap.jpg 899w, https:\/\/www.tratamientodelasadicciones.org\/wp-content\/uploads\/2025\/02\/sala-espera-sap-200x300.jpg 200w, https:\/\/www.tratamientodelasadicciones.org\/wp-content\/uploads\/2025\/02\/sala-espera-sap-683x1024.jpg 683w\" sizes=\"(max-width: 899px) 100vw, 899px\" itemprop=\"image\" \/>\t\t\t\t\t\t\t\t\t\t\t\t\t\t\t\t\t\t\t\t\t\t\t\t\t\t\t\t\t<\/figure>\n\t\t\t<\/div>\n\t\t<\/div>\n\n\t\t\t\t\t<\/div>\n\t\t\t\t<\/div>\n\t\t\t\t\t<\/div>\n\t\t<\/div>\n\t\t\t\t<div class=\"elementor-column elementor-col-50 elementor-top-column elementor-element elementor-element-4204990a\" data-id=\"4204990a\" data-element_type=\"column\">\n\t\t\t<div class=\"elementor-widget-wrap elementor-element-populated\">\n\t\t\t\t\t\t<div class=\"elementor-element elementor-element-6156efd2 elementor-widget elementor-widget-hub_fancy_heading\" data-id=\"6156efd2\" data-element_type=\"widget\" data-widget_type=\"hub_fancy_heading.default\">\n\t\t\t\t<div class=\"elementor-widget-container\">\n\t\t\t\t\t\n\t\t<div id=\"ld-fancy-heading-69d724ed4fb5e\" class=\"ld-fancy-heading pos-rel\">\n\t\t\t<h6 class=\"ld-fh-element d-inline-block pos-rel  elementor-heading-title lqd-highlight-classic lqd-highlight-grow-left h6\"  > Atenci\u00f3 Integral i Experi\u00e8ncia en Addiccions<\/h6>\t\t<\/div>\n\n\t\t\t\t\t\t<\/div>\n\t\t\t\t<\/div>\n\t\t\t\t<div class=\"elementor-element elementor-element-ce6c15 elementor-widget elementor-widget-hub_fancy_heading\" data-id=\"ce6c15\" data-element_type=\"widget\" data-widget_type=\"hub_fancy_heading.default\">\n\t\t\t\t<div class=\"elementor-widget-container\">\n\t\t\t\t\t\n\t\t<div id=\"ld-fancy-heading-69d724ed504ff\" class=\"ld-fancy-heading pos-rel\">\n\t\t\t<h2 class=\"ld-fh-element d-inline-block pos-rel  elementor-heading-title lqd-highlight-classic lqd-highlight-grow-left h2\"  > Programes terap\u00e8utics efectius i una xarxa especialitzada en drogodepend\u00e8ncies.<\/h2>\t\t<\/div>\n\n\t\t\t\t\t\t<\/div>\n\t\t\t\t<\/div>\n\t\t\t\t<section class=\"elementor-section elementor-inner-section elementor-element elementor-element-5a7ea26a elementor-section-boxed elementor-section-height-default elementor-section-height-default\" data-id=\"5a7ea26a\" data-element_type=\"section\">\n\t\t\t\t\t\t<div class=\"elementor-container elementor-column-gap-default\">\n\t\t\t\t\t<div class=\"elementor-column elementor-col-100 elementor-inner-column elementor-element elementor-element-66f7453b\" data-id=\"66f7453b\" data-element_type=\"column\">\n\t\t\t<div class=\"elementor-widget-wrap elementor-element-populated\">\n\t\t\t\t\t\t<div class=\"elementor-element elementor-element-c7c4e3b elementor-widget elementor-widget-hub_fancy_heading\" data-id=\"c7c4e3b\" data-element_type=\"widget\" data-widget_type=\"hub_fancy_heading.default\">\n\t\t\t\t<div class=\"elementor-widget-container\">\n\t\t\t\t\t\n\t\t<div id=\"ld-fancy-heading-69d724ed50cee\" class=\"ld-fancy-heading pos-rel\">\n\t\t\t<h4 class=\"ld-fh-element d-inline-block pos-rel  elementor-heading-title lqd-highlight-classic lqd-highlight-grow-left h4\"  > Entitat sense \u00e0nim de lucre\n<\/h4>\t\t<\/div>\n\n\t\t\t\t\t\t<\/div>\n\t\t\t\t<\/div>\n\t\t\t\t<div class=\"elementor-element elementor-element-163c4119 elementor-widget__width-initial elementor-widget elementor-widget-hub_fancy_heading\" data-id=\"163c4119\" data-element_type=\"widget\" data-widget_type=\"hub_fancy_heading.default\">\n\t\t\t\t<div class=\"elementor-widget-container\">\n\t\t\t\t\t\n\t\t<div id=\"ld-fancy-heading-69d724ed51449\" class=\"ld-fancy-heading pos-rel\">\n\t\t\t<p class=\"ld-fh-element d-inline-block pos-rel  lqd-highlight-classic lqd-highlight-grow-left p\"  > La Fundaci\u00f3 Salut i Comunitat \u00e9s una entitat sense \u00e0nim de lucre, registrada amb el n\u00fam. 08\/325 en l'Alt Protectorat de Fundacions de l'Estat, compromesa amb la societat, controlada, avalada i subvencionada per diverses administracions que confien des de fa anys en els nostres serveis. \u00c9s una entitat solvent, reconeguda i prestigiosa, i diversos dels seus serveis formen part de la XAD, Xarxa d\u2019Atenci\u00f3 a les Drogodepend\u00e8ncies, de la Generalitat de Catalunya.<\/p>\t\t<\/div>\n\n\t\t\t\t\t\t<\/div>\n\t\t\t\t<\/div>\n\t\t\t\t\t<\/div>\n\t\t<\/div>\n\t\t\t\t\t<\/div>\n\t\t<\/section>\n\t\t\t\t<section class=\"elementor-section elementor-inner-section elementor-element elementor-element-1cf03afb elementor-section-boxed elementor-section-height-default elementor-section-height-default\" data-id=\"1cf03afb\" data-element_type=\"section\">\n\t\t\t\t\t\t<div class=\"elementor-container elementor-column-gap-default\">\n\t\t\t\t\t<div class=\"elementor-column elementor-col-100 elementor-inner-column elementor-element elementor-element-690a3df3\" data-id=\"690a3df3\" data-element_type=\"column\">\n\t\t\t<div class=\"elementor-widget-wrap elementor-element-populated\">\n\t\t\t\t\t\t<div class=\"elementor-element elementor-element-703b3d3e elementor-widget elementor-widget-hub_fancy_heading\" data-id=\"703b3d3e\" data-element_type=\"widget\" data-widget_type=\"hub_fancy_heading.default\">\n\t\t\t\t<div class=\"elementor-widget-container\">\n\t\t\t\t\t\n\t\t<div id=\"ld-fancy-heading-69d724ed51947\" class=\"ld-fancy-heading pos-rel\">\n\t\t\t<h4 class=\"ld-fh-element d-inline-block pos-rel  elementor-heading-title lqd-highlight-classic lqd-highlight-grow-left h4\"  > Circuit d'Atenci\u00f3 Integral en Addiccions\n<\/h4>\t\t<\/div>\n\n\t\t\t\t\t\t<\/div>\n\t\t\t\t<\/div>\n\t\t\t\t<div class=\"elementor-element elementor-element-41a3d2e8 elementor-widget__width-initial elementor-widget elementor-widget-hub_fancy_heading\" data-id=\"41a3d2e8\" data-element_type=\"widget\" data-widget_type=\"hub_fancy_heading.default\">\n\t\t\t\t<div class=\"elementor-widget-container\">\n\t\t\t\t\t\n\t\t<div id=\"ld-fancy-heading-69d724ed51e42\" class=\"ld-fancy-heading pos-rel\">\n\t\t\t<p class=\"ld-fh-element d-inline-block pos-rel  lqd-highlight-classic lqd-highlight-grow-left p\"  > Una de les principals avantatges diferencials de la FSC \u00e9s oferir una xarxa pr\u00f2pia d\u2019atenci\u00f3 integral en addiccions, formada per diferents serveis especialitzats que es complementen, proporcionant als usuaris el recurs espec\u00edfic adequat per a cada moment del seu proc\u00e9s de rehabilitaci\u00f3.<\/p>\t\t<\/div>\n\n\t\t\t\t\t\t<\/div>\n\t\t\t\t<\/div>\n\t\t\t\t\t<\/div>\n\t\t<\/div>\n\t\t\t\t\t<\/div>\n\t\t<\/section>\n\t\t\t\t<section class=\"elementor-section elementor-inner-section elementor-element elementor-element-e20649d elementor-section-boxed elementor-section-height-default elementor-section-height-default\" data-id=\"e20649d\" data-element_type=\"section\">\n\t\t\t\t\t\t<div class=\"elementor-container elementor-column-gap-default\">\n\t\t\t\t\t<div class=\"elementor-column elementor-col-100 elementor-inner-column elementor-element elementor-element-6aeb6b7\" data-id=\"6aeb6b7\" data-element_type=\"column\">\n\t\t\t<div class=\"elementor-widget-wrap elementor-element-populated\">\n\t\t\t\t\t\t<div class=\"elementor-element elementor-element-94c9b63 elementor-widget elementor-widget-hub_fancy_heading\" data-id=\"94c9b63\" data-element_type=\"widget\" data-widget_type=\"hub_fancy_heading.default\">\n\t\t\t\t<div class=\"elementor-widget-container\">\n\t\t\t\t\t\n\t\t<div id=\"ld-fancy-heading-69d724ed5232d\" class=\"ld-fancy-heading pos-rel\">\n\t\t\t<h4 class=\"ld-fh-element d-inline-block pos-rel  elementor-heading-title lqd-highlight-classic lqd-highlight-grow-left h4\"  > Experi\u00e8ncia i Serveis Professionals\n<\/h4>\t\t<\/div>\n\n\t\t\t\t\t\t<\/div>\n\t\t\t\t<\/div>\n\t\t\t\t<div class=\"elementor-element elementor-element-1617d5d elementor-widget__width-initial elementor-widget elementor-widget-hub_fancy_heading\" data-id=\"1617d5d\" data-element_type=\"widget\" data-widget_type=\"hub_fancy_heading.default\">\n\t\t\t\t<div class=\"elementor-widget-container\">\n\t\t\t\t\t\n\t\t<div id=\"ld-fancy-heading-69d724ed5285a\" class=\"ld-fancy-heading pos-rel\">\n\t\t\t<p class=\"ld-fh-element d-inline-block pos-rel  lqd-highlight-classic lqd-highlight-grow-left p\"  > Oferim programes terap\u00e8utics que apliquen metodologies i t\u00e8cniques d\u2019intervenci\u00f3 en drogodepend\u00e8ncies reconegudes com les m\u00e9s eficaces, avalades per m\u00e9s de 30 anys d\u2019experi\u00e8ncia de la FSC en aquest \u00e0mbit, aix\u00ed com per la col\u00b7laboraci\u00f3 constant amb universitats i centres de formaci\u00f3 i investigaci\u00f3. La FSC compta amb un equip estable i consolidat de professionals experts en drogodepend\u00e8ncies. S\u00f3n psic\u00f2legs, psiquiatres, educadors, monitors i personal administratiu amb la formaci\u00f3, experi\u00e8ncia i vocaci\u00f3 necess\u00e0ries per dur a terme una tasca sociosanit\u00e0ria d\u2019aquesta complexitat. La majoria s\u00f3n m\u00e0ster en drogodepend\u00e8ncies i en ter\u00e0pia familiar, i acrediten una experi\u00e8ncia m\u00ednima de 10 anys en intervenci\u00f3 en salut mental.<\/p>\t\t<\/div>\n\n\t\t\t\t\t\t<\/div>\n\t\t\t\t<\/div>\n\t\t\t\t\t<\/div>\n\t\t<\/div>\n\t\t\t\t\t<\/div>\n\t\t<\/section>\n\t\t\t\t<section class=\"elementor-section elementor-inner-section elementor-element elementor-element-914de3c elementor-section-boxed elementor-section-height-default elementor-section-height-default\" data-id=\"914de3c\" data-element_type=\"section\">\n\t\t\t\t\t\t<div class=\"elementor-container elementor-column-gap-default\">\n\t\t\t\t\t<div class=\"elementor-column elementor-col-100 elementor-inner-column elementor-element elementor-element-69b2873\" data-id=\"69b2873\" data-element_type=\"column\">\n\t\t\t<div class=\"elementor-widget-wrap elementor-element-populated\">\n\t\t\t\t\t\t<div class=\"elementor-element elementor-element-2c03bfa elementor-widget elementor-widget-hub_fancy_heading\" data-id=\"2c03bfa\" data-element_type=\"widget\" data-widget_type=\"hub_fancy_heading.default\">\n\t\t\t\t<div class=\"elementor-widget-container\">\n\t\t\t\t\t\n\t\t<div id=\"ld-fancy-heading-69d724ed52d64\" class=\"ld-fancy-heading pos-rel\">\n\t\t\t<h4 class=\"ld-fh-element d-inline-block pos-rel  elementor-heading-title lqd-highlight-classic lqd-highlight-grow-left h4\"  > Treball amb les fam\u00edlies<\/h4>\t\t<\/div>\n\n\t\t\t\t\t\t<\/div>\n\t\t\t\t<\/div>\n\t\t\t\t<div class=\"elementor-element elementor-element-ae211bd elementor-widget__width-initial elementor-widget elementor-widget-hub_fancy_heading\" data-id=\"ae211bd\" data-element_type=\"widget\" data-widget_type=\"hub_fancy_heading.default\">\n\t\t\t\t<div class=\"elementor-widget-container\">\n\t\t\t\t\t\n\t\t<div id=\"ld-fancy-heading-69d724ed5328d\" class=\"ld-fancy-heading pos-rel\">\n\t\t\t<p class=\"ld-fh-element d-inline-block pos-rel  lqd-highlight-classic lqd-highlight-grow-left p\"  > Un valor fonamental de la Xarxa Integral d\u2019Atenci\u00f3 en Addiccions de la Fundaci\u00f3 Salut i Comunitat \u00e9s el treball amb les fam\u00edlies. En molts casos, comencem atenent primer les fam\u00edlies, ajudant-les a generar els canvis necessaris perqu\u00e8 el pacient decideixi sol\u00b7licitar tractament per a la seva drogodepend\u00e8ncia, ja que els familiars necessiten tanta atenci\u00f3 com el propi pacient identificat. A les comunitats terap\u00e8utiques, la implicaci\u00f3 de les fam\u00edlies \u00e9s essencial, i al centre d'estada curta \u201cRiera Major\u201d fins i tot acudeixen a la comunitat setmanalment. Al SAP es realitzen regularment ter\u00e0pies de grup per a familiars, des d'on s'ofereixen pautes i eines per ajudar-los en el proc\u00e9s de canvi.<\/p>\t\t<\/div>\n\n\t\t\t\t\t\t<\/div>\n\t\t\t\t<\/div>\n\t\t\t\t\t<\/div>\n\t\t<\/div>\n\t\t\t\t\t<\/div>\n\t\t<\/section>\n\t\t\t\t\t<\/div>\n\t\t<\/div>\n\t\t\t\t\t<\/div>\n\t\t<\/section>\n\t\t\t\t<\/div>\n\t\t","protected":false},"excerpt":{"rendered":"<p>Atenci\u00f3 Integral i Experi\u00e8ncia en Addiccions Programes terap\u00e8utics efectius i una xarxa especialitzada en drogodepend\u00e8ncies. Entitat sense \u00e0nim de lucre La Fundaci\u00f3 Salut i Comunitat \u00e9s una entitat sense \u00e0nim de lucre, registrada amb el n\u00fam. 08\/325 en l&#8217;Alt Protectorat de Fundacions de l&#8217;Estat, compromesa amb la societat, controlada, avalada i subvencionada per diverses administracions [&hellip;]<\/p>\n","protected":false},"author":1,"featured_media":0,"parent":11725,"menu_order":1,"comment_status":"closed","ping_status":"closed","template":"","meta":{"_seopress_robots_primary_cat":"","_seopress_titles_title":"","_seopress_titles_desc":"","_seopress_robots_index":"","_joinchat":[],"footnotes":""},"class_list":["post-11727","page","type-page","status-publish","hentry"],"_links":{"self":[{"href":"https:\/\/www.tratamientodelasadicciones.org\/ca\/wp-json\/wp\/v2\/pages\/11727","targetHints":{"allow":["GET"]}}],"collection":[{"href":"https:\/\/www.tratamientodelasadicciones.org\/ca\/wp-json\/wp\/v2\/pages"}],"about":[{"href":"https:\/\/www.tratamientodelasadicciones.org\/ca\/wp-json\/wp\/v2\/types\/page"}],"author":[{"embeddable":true,"href":"https:\/\/www.tratamientodelasadicciones.org\/ca\/wp-json\/wp\/v2\/users\/1"}],"replies":[{"embeddable":true,"href":"https:\/\/www.tratamientodelasadicciones.org\/ca\/wp-json\/wp\/v2\/comments?post=11727"}],"version-history":[{"count":1,"href":"https:\/\/www.tratamientodelasadicciones.org\/ca\/wp-json\/wp\/v2\/pages\/11727\/revisions"}],"predecessor-version":[{"id":11728,"href":"https:\/\/www.tratamientodelasadicciones.org\/ca\/wp-json\/wp\/v2\/pages\/11727\/revisions\/11728"}],"up":[{"embeddable":true,"href":"https:\/\/www.tratamientodelasadicciones.org\/ca\/wp-json\/wp\/v2\/pages\/11725"}],"wp:attachment":[{"href":"https:\/\/www.tratamientodelasadicciones.org\/ca\/wp-json\/wp\/v2\/media?parent=11727"}],"curies":[{"name":"wp","href":"https:\/\/api.w.org\/{rel}","templated":true}]}}